{"id":1167,"date":"2026-02-25T12:43:59","date_gmt":"2026-02-25T12:43:59","guid":{"rendered":"https:\/\/www.itataxadvisor.com\/politica-sui-cookie\/"},"modified":"2026-02-26T19:30:52","modified_gmt":"2026-02-26T19:30:52","slug":"politica-sui-cookie","status":"publish","type":"page","link":"https:\/\/www.itataxadvisor.com\/it\/politica-sui-cookie\/","title":{"rendered":"Politica sui cookie"},"content":{"rendered":"<p><!-- ITA Cookie Policy BLOCK v1 | URL: \/cookie-policy\/ | Brand: Navy #0D1B2A Gold #C9A870 | CSS prefix: .ita-cp-* --><\/p>\n<div class=\"ita-cp-wrapper\">\n<p>  <!-- HERO --><\/p>\n<section class=\"ita-cp-hero\">\n<div class=\"ita-cp-hero-inner\">\n      <span class=\"ita-cp-label\">Legale<\/span><\/p>\n<h1 class=\"ita-cp-title\">Politica sui cookie<\/h1>\n<p class=\"ita-cp-subtitle\">Ultimo aggiornamento: Febbraio 2025 | Data di entrata in vigore: 1 febbraio 2025<\/p>\n<\/p><\/div>\n<\/section>\n<p>  <!-- CONTENT --><\/p>\n<section class=\"ita-cp-content\">\n<div class=\"ita-cp-container\">\n<div class=\"ita-cp-section\">\n<h2 class=\"ita-cp-h2\">1. Cosa sono i cookie?<\/h2>\n<p>I cookie sono piccoli file di testo collocati sul suo dispositivo quando visita un sito web. Sono ampiamente utilizzati per far funzionare i siti web, migliorare l&#8217;efficienza e fornire informazioni analitiche ai proprietari dei siti web. I cookie non contengono informazioni di identificazione personale, ma le informazioni personali che memorizziamo su di lei possono essere collegate alle informazioni memorizzate e ottenute dai cookie.  <\/p>\n<\/p><\/div>\n<div class=\"ita-cp-section\">\n<h2 class=\"ita-cp-h2\">2. Come utilizziamo i cookie<\/h2>\n<p>Utilizziamo i cookie per i seguenti scopi:<\/p>\n<div class=\"ita-cp-type-grid\">\n<div class=\"ita-cp-type-card ita-cp-necessary\">\n<div class=\"ita-cp-type-badge\">Sempre attivo<\/div>\n<h3>  Strettamente necessario<\/h3>\n<p>Essenziale per il funzionamento del sito web. Non possono essere disabilitati. Includono la gestione delle sessioni, la sicurezza e le funzionalit\u00e0 di base.  <\/p>\n<\/p><\/div>\n<div class=\"ita-cp-type-card\">\n<div class=\"ita-cp-type-badge ita-cp-opt\">Richiede il consenso<\/div>\n<h3>  Cookie analitici<\/h3>\n<p>Ci aiuta a capire come i visitatori interagiscono con il nostro sito web. Utilizzato da Google Analytics 4 e Hotjar. <\/p>\n<\/p><\/div>\n<div class=\"ita-cp-type-card\">\n<div class=\"ita-cp-type-badge ita-cp-opt\">Richiede il consenso<\/div>\n<h3>  Cookie di marketing<\/h3>\n<p>Utilizzato per tracciare i visitatori sui vari siti web a scopo di remarketing. Utilizzato da LinkedIn Insight Tag. <\/p>\n<\/p><\/div>\n<div class=\"ita-cp-type-card\">\n<div class=\"ita-cp-type-badge ita-cp-opt\">Richiede il consenso<\/div>\n<h3>  Cookie funzionali<\/h3>\n<p>Attivare funzionalit\u00e0 avanzate, come il ricordo delle sue preferenze e impostazioni.<\/p>\n<\/p><\/div>\n<\/p><\/div>\n<\/p><\/div>\n<div class=\"ita-cp-section\">\n<h2 class=\"ita-cp-h2\">3. I cookie che utilizziamo<\/h2>\n<table class=\"ita-cp-table\">\n<thead>\n<tr>\n<th>Nome del cookie<\/th>\n<th>Fornitore<\/th>\n<th>Scopo<\/th>\n<th>Durata<\/th>\n<th>Tipo<\/th>\n<\/tr>\n<\/thead>\n<tbody>\n<tr>\n<td>_ga<\/td>\n<td>Google Analytics<\/td>\n<td>Distingue gli utenti unici<\/td>\n<td>2 anni<\/td>\n<td>Analisi<\/td>\n<\/tr>\n<tr>\n<td>_ga_*<\/td>\n<td>Google Analytics 4<\/td>\n<td>Memorizza lo stato della sessione<\/td>\n<td>2 anni<\/td>\n<td>Analytics<\/td>\n<\/tr>\n<tr>\n<td>_gid<\/td>\n<td>Google Analytics<\/td>\n<td>Distingue gli utenti (24h)<\/td>\n<td>24 ore<\/td>\n<td>Analitica<\/td>\n<\/tr>\n<tr>\n<td>_hjSessionUser_*<\/td>\n<td>Hotjar<\/td>\n<td>Identifica il visitatore unico<\/td>\n<td>1 anno<\/td>\n<td>Analisi<\/td>\n<\/tr>\n<tr>\n<td>_hjSession_*<\/td>\n<td>Hotjar<\/td>\n<td>Memorizza i dati della sessione corrente<\/td>\n<td>30 minuti<\/td>\n<td>Analisi<\/td>\n<\/tr>\n<tr>\n<td>_hjFirstSeen<\/td>\n<td>Hotjar<\/td>\n<td>Identifica il primo visitatore<\/td>\n<td>Sessione<\/td>\n<td>Analitica<\/td>\n<\/tr>\n<tr>\n<td>li_fat_id<\/td>\n<td>LinkedIn<\/td>\n<td>Tracciamento degli annunci e attribuzione<\/td>\n<td>30 giorni<\/td>\n<td>Marketing<\/td>\n<\/tr>\n<tr>\n<td>UserMatchHistory<\/td>\n<td>LinkedIn<\/td>\n<td>Sincronizza l&#8217;ID LinkedIn per gli annunci<\/td>\n<td>30 giorni<\/td>\n<td>Marketing<\/td>\n<\/tr>\n<tr>\n<td>bcookie<\/td>\n<td>LinkedIn<\/td>\n<td>Cookie ID del browser<\/td>\n<td>2 anni<\/td>\n<td>Marketing<\/td>\n<\/tr>\n<tr>\n<td>wordpress_*<\/td>\n<td>WordPress<\/td>\n<td>Autenticazione e sessione<\/td>\n<td>Sessione<\/td>\n<td>Necessario<\/td>\n<\/tr>\n<tr>\n<td>ita_cookie_consent<\/td>\n<td>Sito web ITA<\/td>\n<td>Memorizza le sue preferenze sui cookie<\/td>\n<td>1 anno<\/td>\n<td>Necessario<\/td>\n<\/tr>\n<\/tbody>\n<\/table><\/div>\n<div class=\"ita-cp-section\">\n<h2 class=\"ita-cp-h2\">4. Gestione delle preferenze sui cookie<\/h2>\n<p>Pu\u00f2 gestire le sue preferenze sui cookie nei seguenti modi:<\/p>\n<div class=\"ita-cp-manage-grid\">\n<div class=\"ita-cp-manage-item\">\n            <strong>  Cookie Banner<\/strong><\/p>\n<p>Quando visita per la prima volta il nostro sito web, un banner di consenso ai cookie le consente di accettare, rifiutare o personalizzare le sue preferenze.<\/p>\n<\/p><\/div>\n<div class=\"ita-cp-manage-item\">\n            <strong>  Impostazioni del browser<\/strong><\/p>\n<p>Pu\u00f2 controllare i cookie attraverso le impostazioni del suo browser. Tenga presente che la disabilitazione dei cookie pu\u00f2 influire sulla funzionalit\u00e0 del sito web. <\/p>\n<\/p><\/div>\n<div class=\"ita-cp-manage-item\">\n            <strong>  Opt-out di Google Analytics<\/strong><\/p>\n<p>Installi il <a href=\"https:\/\/tools.google.com\/dlpage\/gaoptout\" target=\"_blank\" rel=\"noopener\">componente aggiuntivo del browser per l&#8217;opt-out di Google Analytics<\/a>.<\/p>\n<\/p><\/div>\n<div class=\"ita-cp-manage-item\">\n            <strong>  Opt-out di LinkedIn<\/strong><\/p>\n<p>Gestisca le preferenze degli annunci di LinkedIn nelle <a href=\"https:\/\/www.linkedin.com\/psettings\/guest-controls\" target=\"_blank\" rel=\"noopener\">Impostazioni di LinkedIn<\/a>.<\/p>\n<\/p><\/div>\n<\/p><\/div>\n<\/p><\/div>\n<div class=\"ita-cp-section\">\n<h2 class=\"ita-cp-h2\">5. Cookie di terze parti<\/h2>\n<p>Alcuni cookie presenti sul nostro sito web sono impostati da servizi di terze parti. Non abbiamo alcun controllo su questi cookie. La invitiamo a consultare le rispettive politiche sulla privacy:  <\/p>\n<ul class=\"ita-cp-list\">\n<li><a href=\"https:\/\/policies.google.com\/privacy\" target=\"_blank\" rel=\"noopener\">Privacy e termini di Google<\/a><\/li>\n<li><a href=\"https:\/\/www.hotjar.com\/legal\/policies\/privacy\/\" target=\"_blank\" rel=\"noopener\">Informativa sulla privacy di Hotjar<\/a><\/li>\n<li><a href=\"https:\/\/www.linkedin.com\/legal\/privacy-policy\" target=\"_blank\" rel=\"noopener\">Informativa sulla privacy di LinkedIn<\/a><\/li>\n<li><a href=\"https:\/\/www.brevo.com\/legal\/privacypolicy\/\" target=\"_blank\" rel=\"noopener\">Informativa sulla privacy di Brevo<\/a><\/li>\n<\/ul><\/div>\n<div class=\"ita-cp-section\">\n<h2 class=\"ita-cp-h2\">6. Aggiornamenti a questa politica<\/h2>\n<p>Potremmo aggiornare periodicamente la presente Informativa sui cookie per riflettere i cambiamenti tecnologici, legislativi o le nostre prassi in materia di dati. La invitiamo a controllare periodicamente questa pagina per gli aggiornamenti. <\/p>\n<\/p><\/div>\n<div class=\"ita-cp-section\">\n<h2 class=\"ita-cp-h2\">7. Contatti<\/h2>\n<div class=\"ita-cp-contact-box\">\n<p>Per domande sull&#8217;uso dei cookie da parte nostra:<\/p>\n<p>          <strong>  E-mail:<\/strong> <a href=\"mailto:privacy@itataxadvisor.com\">privacy@itataxadvisor.com<\/a><\/p>\n<p>Per tutti i dettagli su come trattiamo i suoi dati personali, consulti la nostra <a href=\"https:\/\/www.itataxadvisor.com\/it\/informativa-sulla-privacy\/\">Informativa sulla privacy<\/a>.<\/p>\n<\/p><\/div>\n<\/p><\/div>\n<\/p><\/div>\n<\/section>\n<\/div>\n","protected":false},"excerpt":{"rendered":"<p>Legale Politica sui cookie Ultimo aggiornamento: Febbraio 2025 | Data di entrata in vigore: 1 febbraio 2025 1. Cosa sono [&hellip;]<\/p>\n","protected":false},"author":1,"featured_media":0,"parent":0,"menu_order":0,"comment_status":"closed","ping_status":"closed","template":"","meta":{"_uag_custom_page_level_css":"","site-sidebar-layout":"no-sidebar","site-content-layout":"","ast-site-content-layout":"full-width-container","site-content-style":"default","site-sidebar-style":"default","ast-global-header-display":"","ast-banner-title-visibility":"","ast-main-header-display":"","ast-hfb-above-header-display":"","ast-hfb-below-header-display":"","ast-hfb-mobile-header-display":"","site-post-title":"","ast-breadcrumbs-content":"","ast-featured-img":"","footer-sml-layout":"","ast-disable-related-posts":"","theme-transparent-header-meta":"","adv-header-id-meta":"","stick-header-meta":"","header-above-stick-meta":"","header-main-stick-meta":"","header-below-stick-meta":"","astra-migrate-meta-layouts":"default","ast-page-background-enabled":"default","ast-page-background-meta":{"desktop":{"background-color":"var(--ast-global-color-4)","background-image":"","background-repeat":"repeat","background-position":"center center","background-size":"auto","background-attachment":"scroll","background-type":"","background-media":"","overlay-type":"","overlay-color":"","overlay-opacity":"","overlay-gradient":""},"tablet":{"background-color":"","background-image":"","background-repeat":"repeat","background-position":"center center","background-size":"auto","background-attachment":"scroll","background-type":"","background-media":"","overlay-type":"","overlay-color":"","overlay-opacity":"","overlay-gradient":""},"mobile":{"background-color":"","background-image":"","background-repeat":"repeat","background-position":"center center","background-size":"auto","background-attachment":"scroll","background-type":"","background-media":"","overlay-type":"","overlay-color":"","overlay-opacity":"","overlay-gradient":""}},"ast-content-background-meta":{"desktop":{"background-color":"var(--ast-global-color-5)","background-image":"","background-repeat":"repeat","background-position":"center center","background-size":"auto","background-attachment":"scroll","background-type":"","background-media":"","overlay-type":"","overlay-color":"","overlay-opacity":"","overlay-gradient":""},"tablet":{"background-color":"var(--ast-global-color-5)","background-image":"","background-repeat":"repeat","background-position":"center center","background-size":"auto","background-attachment":"scroll","background-type":"","background-media":"","overlay-type":"","overlay-color":"","overlay-opacity":"","overlay-gradient":""},"mobile":{"background-color":"var(--ast-global-color-5)","background-image":"","background-repeat":"repeat","background-position":"center center","background-size":"auto","background-attachment":"scroll","background-type":"","background-media":"","overlay-type":"","overlay-color":"","overlay-opacity":"","overlay-gradient":""}},"footnotes":""},"class_list":["post-1167","page","type-page","status-publish","hentry"],"yoast_head":"<!-- This site is optimized with the Yoast SEO plugin v27.3 - https:\/\/yoast.com\/product\/yoast-seo-wordpress\/ -->\n<title>Politica sui cookie | ITA International Tax &amp; Advisor<\/title>\n<meta name=\"description\" content=\"Politica dei cookie del sito web di ITA International Tax &amp; Advisor. Scopra come utilizziamo i cookie per migliorare la sua esperienza di navigazione e proteggere la sua privacy.\" \/>\n<meta name=\"robots\" content=\"index, follow, max-snippet:-1, max-image-preview:large, max-video-preview:-1\" \/>\n<link rel=\"canonical\" href=\"https:\/\/www.itataxadvisor.com\/it\/politica-sui-cookie\/\" \/>\n<meta property=\"og:locale\" content=\"it_IT\" \/>\n<meta property=\"og:type\" content=\"article\" \/>\n<meta property=\"og:title\" content=\"Politica sui cookie | ITA International Tax &amp; Advisor\" \/>\n<meta property=\"og:description\" content=\"Politica dei cookie del sito web di ITA International Tax &amp; Advisor. Scopra come utilizziamo i cookie per migliorare la sua esperienza di navigazione e proteggere la sua privacy.\" \/>\n<meta property=\"og:url\" content=\"https:\/\/www.itataxadvisor.com\/it\/politica-sui-cookie\/\" \/>\n<meta property=\"og:site_name\" content=\"International Tax &amp; Advisor\" \/>\n<meta property=\"article:modified_time\" content=\"2026-02-26T19:30:52+00:00\" \/>\n<meta name=\"twitter:card\" content=\"summary_large_image\" \/>\n<meta name=\"twitter:label1\" content=\"Tempo di lettura stimato\" \/>\n\t<meta name=\"twitter:data1\" content=\"3 minuti\" \/>\n<script type=\"application\/ld+json\" class=\"yoast-schema-graph\">{\"@context\":\"https:\\\/\\\/schema.org\",\"@graph\":[{\"@type\":\"WebPage\",\"@id\":\"https:\\\/\\\/www.itataxadvisor.com\\\/it\\\/politica-sui-cookie\\\/\",\"url\":\"https:\\\/\\\/www.itataxadvisor.com\\\/it\\\/politica-sui-cookie\\\/\",\"name\":\"Politica sui cookie | ITA International Tax & Advisor\",\"isPartOf\":{\"@id\":\"http:\\\/\\\/www.itataxadvisor.com\\\/it\\\/#website\"},\"datePublished\":\"2026-02-25T12:43:59+00:00\",\"dateModified\":\"2026-02-26T19:30:52+00:00\",\"description\":\"Politica dei cookie del sito web di ITA International Tax & Advisor. Scopra come utilizziamo i cookie per migliorare la sua esperienza di navigazione e proteggere la sua privacy.\",\"breadcrumb\":{\"@id\":\"https:\\\/\\\/www.itataxadvisor.com\\\/it\\\/politica-sui-cookie\\\/#breadcrumb\"},\"inLanguage\":\"it-IT\",\"potentialAction\":[{\"@type\":\"ReadAction\",\"target\":[\"https:\\\/\\\/www.itataxadvisor.com\\\/it\\\/politica-sui-cookie\\\/\"]}]},{\"@type\":\"BreadcrumbList\",\"@id\":\"https:\\\/\\\/www.itataxadvisor.com\\\/it\\\/politica-sui-cookie\\\/#breadcrumb\",\"itemListElement\":[{\"@type\":\"ListItem\",\"position\":1,\"name\":\"Home\",\"item\":\"https:\\\/\\\/www.itataxadvisor.com\\\/it\\\/\"},{\"@type\":\"ListItem\",\"position\":2,\"name\":\"Politica sui cookie\"}]},{\"@type\":\"WebSite\",\"@id\":\"http:\\\/\\\/www.itataxadvisor.com\\\/it\\\/#website\",\"url\":\"http:\\\/\\\/www.itataxadvisor.com\\\/it\\\/\",\"name\":\"International Tax &amp; Advisor\",\"description\":\"Luxury consulting firm\",\"publisher\":{\"@id\":\"http:\\\/\\\/www.itataxadvisor.com\\\/it\\\/#organization\"},\"potentialAction\":[{\"@type\":\"SearchAction\",\"target\":{\"@type\":\"EntryPoint\",\"urlTemplate\":\"http:\\\/\\\/www.itataxadvisor.com\\\/it\\\/?s={search_term_string}\"},\"query-input\":{\"@type\":\"PropertyValueSpecification\",\"valueRequired\":true,\"valueName\":\"search_term_string\"}}],\"inLanguage\":\"it-IT\"},{\"@type\":\"Organization\",\"@id\":\"http:\\\/\\\/www.itataxadvisor.com\\\/it\\\/#organization\",\"name\":\"ITA International Tax & Advisor\",\"alternateName\":\"ITA Tax Advisor\",\"url\":\"http:\\\/\\\/www.itataxadvisor.com\\\/it\\\/\",\"logo\":{\"@type\":\"ImageObject\",\"inLanguage\":\"it-IT\",\"@id\":\"http:\\\/\\\/www.itataxadvisor.com\\\/it\\\/#\\\/schema\\\/logo\\\/image\\\/\",\"url\":\"https:\\\/\\\/www.itataxadvisor.com\\\/wp-content\\\/uploads\\\/2026\\\/02\\\/cropped-Progetto-senza-titolo-3.png\",\"contentUrl\":\"https:\\\/\\\/www.itataxadvisor.com\\\/wp-content\\\/uploads\\\/2026\\\/02\\\/cropped-Progetto-senza-titolo-3.png\",\"width\":1222,\"height\":1110,\"caption\":\"ITA International Tax & Advisor\"},\"image\":{\"@id\":\"http:\\\/\\\/www.itataxadvisor.com\\\/it\\\/#\\\/schema\\\/logo\\\/image\\\/\"}}]}<\/script>\n<!-- \/ Yoast SEO plugin. -->","yoast_head_json":{"title":"Politica sui cookie | ITA International Tax & Advisor","description":"Politica dei cookie del sito web di ITA International Tax & Advisor. Scopra come utilizziamo i cookie per migliorare la sua esperienza di navigazione e proteggere la sua privacy.","robots":{"index":"index","follow":"follow","max-snippet":"max-snippet:-1","max-image-preview":"max-image-preview:large","max-video-preview":"max-video-preview:-1"},"canonical":"https:\/\/www.itataxadvisor.com\/it\/politica-sui-cookie\/","og_locale":"it_IT","og_type":"article","og_title":"Politica sui cookie | ITA International Tax & Advisor","og_description":"Politica dei cookie del sito web di ITA International Tax & Advisor. Scopra come utilizziamo i cookie per migliorare la sua esperienza di navigazione e proteggere la sua privacy.","og_url":"https:\/\/www.itataxadvisor.com\/it\/politica-sui-cookie\/","og_site_name":"International Tax &amp; Advisor","article_modified_time":"2026-02-26T19:30:52+00:00","twitter_card":"summary_large_image","twitter_misc":{"Tempo di lettura stimato":"3 minuti"},"schema":{"@context":"https:\/\/schema.org","@graph":[{"@type":"WebPage","@id":"https:\/\/www.itataxadvisor.com\/it\/politica-sui-cookie\/","url":"https:\/\/www.itataxadvisor.com\/it\/politica-sui-cookie\/","name":"Politica sui cookie | ITA International Tax & Advisor","isPartOf":{"@id":"http:\/\/www.itataxadvisor.com\/it\/#website"},"datePublished":"2026-02-25T12:43:59+00:00","dateModified":"2026-02-26T19:30:52+00:00","description":"Politica dei cookie del sito web di ITA International Tax & Advisor. Scopra come utilizziamo i cookie per migliorare la sua esperienza di navigazione e proteggere la sua privacy.","breadcrumb":{"@id":"https:\/\/www.itataxadvisor.com\/it\/politica-sui-cookie\/#breadcrumb"},"inLanguage":"it-IT","potentialAction":[{"@type":"ReadAction","target":["https:\/\/www.itataxadvisor.com\/it\/politica-sui-cookie\/"]}]},{"@type":"BreadcrumbList","@id":"https:\/\/www.itataxadvisor.com\/it\/politica-sui-cookie\/#breadcrumb","itemListElement":[{"@type":"ListItem","position":1,"name":"Home","item":"https:\/\/www.itataxadvisor.com\/it\/"},{"@type":"ListItem","position":2,"name":"Politica sui cookie"}]},{"@type":"WebSite","@id":"http:\/\/www.itataxadvisor.com\/it\/#website","url":"http:\/\/www.itataxadvisor.com\/it\/","name":"International Tax &amp; Advisor","description":"Luxury consulting firm","publisher":{"@id":"http:\/\/www.itataxadvisor.com\/it\/#organization"},"potentialAction":[{"@type":"SearchAction","target":{"@type":"EntryPoint","urlTemplate":"http:\/\/www.itataxadvisor.com\/it\/?s={search_term_string}"},"query-input":{"@type":"PropertyValueSpecification","valueRequired":true,"valueName":"search_term_string"}}],"inLanguage":"it-IT"},{"@type":"Organization","@id":"http:\/\/www.itataxadvisor.com\/it\/#organization","name":"ITA International Tax & Advisor","alternateName":"ITA Tax Advisor","url":"http:\/\/www.itataxadvisor.com\/it\/","logo":{"@type":"ImageObject","inLanguage":"it-IT","@id":"http:\/\/www.itataxadvisor.com\/it\/#\/schema\/logo\/image\/","url":"https:\/\/www.itataxadvisor.com\/wp-content\/uploads\/2026\/02\/cropped-Progetto-senza-titolo-3.png","contentUrl":"https:\/\/www.itataxadvisor.com\/wp-content\/uploads\/2026\/02\/cropped-Progetto-senza-titolo-3.png","width":1222,"height":1110,"caption":"ITA International Tax & Advisor"},"image":{"@id":"http:\/\/www.itataxadvisor.com\/it\/#\/schema\/logo\/image\/"}}]}},"uagb_featured_image_src":{"full":false,"thumbnail":false,"medium":false,"medium_large":false,"large":false,"1536x1536":false,"2048x2048":false},"uagb_author_info":{"display_name":"admin","author_link":"https:\/\/www.itataxadvisor.com\/it\/author\/admin\/"},"uagb_comment_info":0,"uagb_excerpt":"Legale Politica sui cookie Ultimo aggiornamento: Febbraio 2025 | Data di entrata in vigore: 1 febbraio 2025 1. Cosa sono [&hellip;]","_links":{"self":[{"href":"https:\/\/www.itataxadvisor.com\/it\/wp-json\/wp\/v2\/pages\/1167","targetHints":{"allow":["GET"]}}],"collection":[{"href":"https:\/\/www.itataxadvisor.com\/it\/wp-json\/wp\/v2\/pages"}],"about":[{"href":"https:\/\/www.itataxadvisor.com\/it\/wp-json\/wp\/v2\/types\/page"}],"author":[{"embeddable":true,"href":"https:\/\/www.itataxadvisor.com\/it\/wp-json\/wp\/v2\/users\/1"}],"replies":[{"embeddable":true,"href":"https:\/\/www.itataxadvisor.com\/it\/wp-json\/wp\/v2\/comments?post=1167"}],"version-history":[{"count":1,"href":"https:\/\/www.itataxadvisor.com\/it\/wp-json\/wp\/v2\/pages\/1167\/revisions"}],"predecessor-version":[{"id":1354,"href":"https:\/\/www.itataxadvisor.com\/it\/wp-json\/wp\/v2\/pages\/1167\/revisions\/1354"}],"wp:attachment":[{"href":"https:\/\/www.itataxadvisor.com\/it\/wp-json\/wp\/v2\/media?parent=1167"}],"curies":[{"name":"wp","href":"https:\/\/api.w.org\/{rel}","templated":true}]}}